{"id":5041,"date":"2025-09-04T10:19:22","date_gmt":"2025-09-04T08:19:22","guid":{"rendered":"https:\/\/mele.gh.company\/?page_id=5041"},"modified":"2025-11-03T10:47:04","modified_gmt":"2025-11-03T09:47:04","slug":"homepage-2","status":"publish","type":"page","link":"https:\/\/mele.gh.company\/fr\/","title":{"rendered":"Homepage"},"content":{"rendered":"\t\t<div data-elementor-type=\"wp-page\" data-elementor-id=\"5041\" class=\"elementor elementor-5041 elementor-5040\" data-elementor-post-type=\"page\">\n\t\t\t\t<div class=\"elementor-element elementor-element-dd62096 e-flex e-con-boxed e-con e-parent\" data-id=\"dd62096\" data-element_type=\"container\" data-e-type=\"container\" data-settings=\"{&quot;background_background&quot;:&quot;classic&quot;}\">\n\t\t\t\t\t<div class=\"e-con-inner\">\n\t\t<div class=\"elementor-element elementor-element-075b850 e-con-full e-flex e-con e-child\" data-id=\"075b850\" data-element_type=\"container\" data-e-type=\"container\">\n\t\t<div class=\"elementor-element elementor-element-d708fd3 e-con-full e-flex e-con e-child\" data-id=\"d708fd3\" data-element_type=\"container\" data-e-type=\"container\">\n\t\t\t\t<div class=\"elementor-element elementor-element-e25e756 elementor-widget__width-initial elementor-widget elementor-widget-heading\" data-id=\"e25e756\" data-element_type=\"widget\" data-e-type=\"widget\" data-widget_type=\"heading.default\">\n\t\t\t\t\t<h1 class=\"elementor-heading-title elementor-size-default\">Fruits secs et<br>en-cas <strong>sains<\/strong><\/h1>\t\t\t\t<\/div>\n\t\t\t\t<\/div>\n\t\t\t\t<div class=\"elementor-element elementor-element-8924e4f elementor-widget__width-initial elementor-widget elementor-widget-text-editor\" data-id=\"8924e4f\" data-element_type=\"widget\" data-e-type=\"widget\" data-widget_type=\"text-editor.default\">\n\t\t\t\t\t\t\t\t\tIl piacere semplice delle cose buone: dalla natura alla tua tavola, con freschezza e autenticit\u00e0 garantita.\t\t\t\t\t\t\t\t<\/div>\n\t\t\t\t<\/div>\n\t\t<div class=\"elementor-element elementor-element-b4e431e e-con-full e-flex e-con e-child\" data-id=\"b4e431e\" data-element_type=\"container\" data-e-type=\"container\">\n\t\t\t\t<div class=\"elementor-element elementor-element-323eebc elementor-tablet-align-justify elementor-widget-mobile__width-inherit elementor-widget-tablet__width-inherit elementor-widget elementor-widget-button\" data-id=\"323eebc\" data-element_type=\"widget\" data-e-type=\"widget\" data-widget_type=\"button.default\">\n\t\t\t\t\t\t\t\t\t\t<a class=\"elementor-button elementor-button-link elementor-size-sm\" href=\"#novit\u00e0\" title=\"Negozio\">\n\t\t\t\t\t\t<span class=\"elementor-button-content-wrapper\">\n\t\t\t\t\t\t\t\t\t<span class=\"elementor-button-text\">d\u00e9couvrez les produits<\/span>\n\t\t\t\t\t<\/span>\n\t\t\t\t\t<\/a>\n\t\t\t\t\t\t\t\t<\/div>\n\t\t\t\t<div class=\"elementor-element elementor-element-905126b elementor-tablet-align-justify elementor-widget-mobile__width-inherit elementor-widget-tablet__width-inherit elementor-widget elementor-widget-button\" data-id=\"905126b\" data-element_type=\"widget\" data-e-type=\"widget\" data-widget_type=\"button.default\">\n\t\t\t\t\t\t\t\t\t\t<a class=\"elementor-button elementor-button-link elementor-size-sm\" href=\"#offerta\">\n\t\t\t\t\t\t<span class=\"elementor-button-content-wrapper\">\n\t\t\t\t\t\t\t\t\t<span class=\"elementor-button-text\">Meilleures Ventes<\/span>\n\t\t\t\t\t<\/span>\n\t\t\t\t\t<\/a>\n\t\t\t\t\t\t\t\t<\/div>\n\t\t\t\t<\/div>\n\t\t\t\t\t<\/div>\n\t\t\t\t<\/div>\n\t\t<div class=\"elementor-element elementor-element-aba62dc e-flex e-con-boxed e-con e-parent\" data-id=\"aba62dc\" data-element_type=\"container\" data-e-type=\"container\" id=\"novit\u00e0\">\n\t\t\t\t\t<div class=\"e-con-inner\">\n\t\t<div class=\"elementor-element elementor-element-d57c4dc e-con-full e-flex e-con e-child\" data-id=\"d57c4dc\" data-element_type=\"container\" data-e-type=\"container\">\n\t\t\t\t<div class=\"elementor-element elementor-element-a53a84b elementor-widget elementor-widget-text-editor\" data-id=\"a53a84b\" data-element_type=\"widget\" data-e-type=\"widget\" data-widget_type=\"text-editor.default\">\n\t\t\t\t\t\t\t\t\t<p>Tu cherches quelque chose ? <strong>Vous le trouverez ici<\/strong><\/p>\t\t\t\t\t\t\t\t<\/div>\n\t\t<div class=\"elementor-element elementor-element-1fb2599 e-grid e-con-full e-con e-child\" data-id=\"1fb2599\" data-element_type=\"container\" data-e-type=\"container\">\n\t\t<a class=\"elementor-element elementor-element-fc2ef14 e-con-full e-flex e-con e-child\" data-id=\"fc2ef14\" data-element_type=\"container\" data-e-type=\"container\" data-settings=\"{&quot;background_background&quot;:&quot;classic&quot;}\" href=\"https:\/\/mele.gh.company\/fr\/categoria-prodotto\/fruits-secs-et-legumes\/\" title=\"frutta secca e verdura\">\n\t\t\t\t<div class=\"elementor-element elementor-element-676b09b elementor-widget__width-initial elementor-widget elementor-widget-heading\" data-id=\"676b09b\" data-element_type=\"widget\" data-e-type=\"widget\" data-widget_type=\"heading.default\">\n\t\t\t\t\t<div class=\"elementor-heading-title elementor-size-default\">Fruits secs et l\u00e9gumes<\/div>\t\t\t\t<\/div>\n\t\t\t\t<\/a>\n\t\t<a class=\"elementor-element elementor-element-66e232e e-con-full e-flex e-con e-child\" data-id=\"66e232e\" data-element_type=\"container\" data-e-type=\"container\" data-settings=\"{&quot;background_background&quot;:&quot;classic&quot;}\" href=\"https:\/\/mele.gh.company\/fr\/categoria-prodotto\/fruits-seches-deshydrates-et-lyophilises\/\" title=\"frutta disidratata\">\n\t\t\t\t<div class=\"elementor-element elementor-element-7429a5f elementor-widget__width-initial elementor-widget elementor-widget-heading\" data-id=\"7429a5f\" data-element_type=\"widget\" data-e-type=\"widget\" data-widget_type=\"heading.default\">\n\t\t\t\t\t<div class=\"elementor-heading-title elementor-size-default\">Fruits s\u00e9ch\u00e9s, d\u00e9shydrat\u00e9s et lyophilis\u00e9s<\/div>\t\t\t\t<\/div>\n\t\t\t\t<\/a>\n\t\t<a class=\"elementor-element elementor-element-ff767e8 e-con-full e-flex e-con e-child\" data-id=\"ff767e8\" data-element_type=\"container\" data-e-type=\"container\" data-settings=\"{&quot;background_background&quot;:&quot;classic&quot;}\" href=\"https:\/\/mele.gh.company\/fr\/categoria-prodotto\/goodies\/\" title=\"golosit\u00e0\">\n\t\t\t\t<div class=\"elementor-element elementor-element-4059608 elementor-widget__width-initial elementor-widget elementor-widget-heading\" data-id=\"4059608\" data-element_type=\"widget\" data-e-type=\"widget\" data-widget_type=\"heading.default\">\n\t\t\t\t\t<div class=\"elementor-heading-title elementor-size-default\">Fruits Confits et Goodies<\/div>\t\t\t\t<\/div>\n\t\t\t\t<\/a>\n\t\t<a class=\"elementor-element elementor-element-27ce2aa e-con-full e-flex e-con e-child\" data-id=\"27ce2aa\" data-element_type=\"container\" data-e-type=\"container\" data-settings=\"{&quot;background_background&quot;:&quot;classic&quot;}\" href=\"https:\/\/mele.gh.company\/fr\/categoria-prodotto\/the-infusions-de-fruits\/\" title=\"orsettisana\" t=\"\" infusi=\"\">\n\t\t\t\t<div class=\"elementor-element elementor-element-1814a85 elementor-widget__width-initial elementor-widget elementor-widget-heading\" data-id=\"1814a85\" data-element_type=\"widget\" data-e-type=\"widget\" data-widget_type=\"heading.default\">\n\t\t\t\t\t<div class=\"elementor-heading-title elementor-size-default\">Th\u00e9, infusions de fruits<br>&nbsp;<\/div>\t\t\t\t<\/div>\n\t\t\t\t<\/a>\n\t\t<a class=\"elementor-element elementor-element-64e5cc4 e-con-full e-flex e-con e-child\" data-id=\"64e5cc4\" data-element_type=\"container\" data-e-type=\"container\" data-settings=\"{&quot;background_background&quot;:&quot;classic&quot;}\" href=\"https:\/\/mele.gh.company\/fr\/categoria-prodotto\/orsettisana-fr\/\" title=\"orsettisana\">\n\t\t\t\t<div class=\"elementor-element elementor-element-436128f elementor-widget__width-initial elementor-widget elementor-widget-heading\" data-id=\"436128f\" data-element_type=\"widget\" data-e-type=\"widget\" data-widget_type=\"heading.default\">\n\t\t\t\t\t<div class=\"elementor-heading-title elementor-size-default\">Orsettisana<br>&nbsp;<\/div>\t\t\t\t<\/div>\n\t\t\t\t<\/a>\n\t\t\t\t<\/div>\n\t\t\t\t<\/div>\n\t\t\t\t\t<\/div>\n\t\t\t\t<\/div>\n\t\t<div class=\"elementor-element elementor-element-a5637fc e-flex e-con-boxed e-con e-parent\" data-id=\"a5637fc\" data-element_type=\"container\" data-e-type=\"container\">\n\t\t\t\t\t<div class=\"e-con-inner\">\n\t\t<div class=\"elementor-element elementor-element-e215cb8 e-con-full e-flex e-con e-child\" data-id=\"e215cb8\" data-element_type=\"container\" data-e-type=\"container\">\n\t\t<div class=\"elementor-element elementor-element-e48e034 e-con-full e-flex e-con e-child\" data-id=\"e48e034\" data-element_type=\"container\" data-e-type=\"container\">\n\t\t\t\t<div class=\"elementor-element elementor-element-c4dc818 elementor-widget elementor-widget-heading\" data-id=\"c4dc818\" data-element_type=\"widget\" data-e-type=\"widget\" data-widget_type=\"heading.default\">\n\t\t\t\t\t<div class=\"elementor-heading-title elementor-size-default\">nouveaux arrivants<\/div>\t\t\t\t<\/div>\n\t\t\t\t<div class=\"elementor-element elementor-element-6af3aa9 elementor-widget__width-initial has-img elementor-widget elementor-widget-heading\" data-id=\"6af3aa9\" data-element_type=\"widget\" data-e-type=\"widget\" data-widget_type=\"heading.default\">\n\t\t\t\t\t<h2 class=\"elementor-heading-title elementor-size-default\">Derniers produits<\/h2>\t\t\t\t<\/div>\n\t\t\t\t<\/div>\n\t\t\t\t<div class=\"elementor-element elementor-element-ad64fc0 elementor-widget__width-initial elementor-widget elementor-widget-text-editor\" data-id=\"ad64fc0\" data-element_type=\"widget\" data-e-type=\"widget\" data-widget_type=\"text-editor.default\">\n\t\t\t\t\t\t\t\t\t<p>Explorez les derniers arrivages et laissez-vous inspirer par les tendances du moment.<\/p>\t\t\t\t\t\t\t\t<\/div>\n\t\t\t\t<\/div>\n\t\t\t\t\t<\/div>\n\t\t\t\t<\/div>\n\t\t<div class=\"elementor-element elementor-element-ea0a1b6 e-flex e-con-boxed e-con e-parent\" data-id=\"ea0a1b6\" data-element_type=\"container\" data-e-type=\"container\">\n\t\t\t\t\t<div class=\"e-con-inner\">\n\t\t\t\t<div class=\"woocommerce elementor-element elementor-element-5ed9bc8 carousel-arrows-bottom elementor-arrows-position-inside elementor-widget elementor-widget-loop-carousel\" data-id=\"5ed9bc8\" data-element_type=\"widget\" data-e-type=\"widget\" data-settings=\"{&quot;_skin&quot;:&quot;product&quot;,&quot;template_id&quot;:3876,&quot;offset_sides&quot;:&quot;both&quot;,&quot;offset_width&quot;:{&quot;unit&quot;:&quot;px&quot;,&quot;size&quot;:0,&quot;sizes&quot;:[]},&quot;offset_width_mobile&quot;:{&quot;unit&quot;:&quot;px&quot;,&quot;size&quot;:0,&quot;sizes&quot;:[]},&quot;image_spacing_custom&quot;:{&quot;unit&quot;:&quot;px&quot;,&quot;size&quot;:35,&quot;sizes&quot;:[]},&quot;slides_to_show&quot;:&quot;3&quot;,&quot;slides_to_show_tablet&quot;:&quot;2&quot;,&quot;slides_to_show_mobile&quot;:&quot;1&quot;,&quot;slides_to_scroll&quot;:&quot;1&quot;,&quot;edit_handle_selector&quot;:&quot;.elementor-loop-container&quot;,&quot;infinite&quot;:&quot;yes&quot;,&quot;speed&quot;:500,&quot;offset_width_tablet&quot;:{&quot;unit&quot;:&quot;px&quot;,&quot;size&quot;:&quot;&quot;,&quot;sizes&quot;:[]},&quot;arrows&quot;:&quot;yes&quot;,&quot;image_spacing_custom_tablet&quot;:{&quot;unit&quot;:&quot;px&quot;,&quot;size&quot;:&quot;&quot;,&quot;sizes&quot;:[]},&quot;image_spacing_custom_mobile&quot;:{&quot;unit&quot;:&quot;px&quot;,&quot;size&quot;:&quot;&quot;,&quot;sizes&quot;:[]}}\" data-widget_type=\"loop-carousel.product\">\n\t\t\t\t\t\t\t<div class=\"e-loop-nothing-found-message\">\n\t\t<\/div>\n\t\t\t\t\t\t<\/div>\n\t\t\t\t<div class=\"elementor-element elementor-element-0f52cf7 elementor-tablet-align-justify elementor-widget-tablet__width-inherit elementor-widget-mobile__width-initial has-line elementor-widget elementor-widget-button\" data-id=\"0f52cf7\" data-element_type=\"widget\" data-e-type=\"widget\" data-widget_type=\"button.default\">\n\t\t\t\t\t\t\t\t\t\t<a class=\"elementor-button elementor-button-link elementor-size-sm\" href=\"https:\/\/mele.gh.company\/negozio\/?yith_wcan=1&#038;onsale_filter=1\" title=\"Ultimi prodotti\">\n\t\t\t\t\t\t<span class=\"elementor-button-content-wrapper\">\n\t\t\t\t\t\t\t\t\t<span class=\"elementor-button-text\">toutes les nouveaut\u00e9s<\/span>\n\t\t\t\t\t<\/span>\n\t\t\t\t\t<\/a>\n\t\t\t\t\t\t\t\t<\/div>\n\t\t\t\t\t<\/div>\n\t\t\t\t<\/div>\n\t\t<div class=\"elementor-element elementor-element-7dd0431 e-flex e-con-boxed e-con e-parent\" data-id=\"7dd0431\" data-element_type=\"container\" data-e-type=\"container\" data-settings=\"{&quot;background_background&quot;:&quot;classic&quot;}\">\n\t\t\t\t\t<div class=\"e-con-inner\">\n\t\t<div class=\"elementor-element elementor-element-da43944 e-flex e-con-boxed e-con e-child\" data-id=\"da43944\" data-element_type=\"container\" data-e-type=\"container\" data-settings=\"{&quot;background_background&quot;:&quot;classic&quot;}\">\n\t\t\t\t\t<div class=\"e-con-inner\">\n\t\t<div class=\"elementor-element elementor-element-e5a9dc8 e-con-full e-flex e-con e-child\" data-id=\"e5a9dc8\" data-element_type=\"container\" data-e-type=\"container\">\n\t\t\t\t<div class=\"elementor-element elementor-element-7dc51f9 elementor-widget__width-initial elementor-widget elementor-widget-image\" data-id=\"7dc51f9\" data-element_type=\"widget\" data-e-type=\"widget\" data-widget_type=\"image.default\">\n\t\t\t\t\t\t\t\t\t\t\t\t\t\t\t<img fetchpriority=\"high\" decoding=\"async\" width=\"700\" height=\"804\" src=\"https:\/\/mele.gh.company\/wp-content\/uploads\/2025\/09\/Orsettisana-logo.webp\" class=\"attachment-large size-large wp-image-4751\" alt=\"\" srcset=\"https:\/\/mele.gh.company\/wp-content\/uploads\/2025\/09\/Orsettisana-logo.webp 700w, https:\/\/mele.gh.company\/wp-content\/uploads\/2025\/09\/Orsettisana-logo-261x300.webp 261w\" sizes=\"(max-width: 700px) 100vw, 700px\" \/>\t\t\t\t\t\t\t\t\t\t\t\t\t\t\t<\/div>\n\t\t\t\t<\/div>\n\t\t<div class=\"elementor-element elementor-element-84d91d0 e-con-full e-flex e-con e-child\" data-id=\"84d91d0\" data-element_type=\"container\" data-e-type=\"container\">\n\t\t\t\t<div class=\"elementor-element elementor-element-f6530f6 elementor-widget__width-initial elementor-widget elementor-widget-heading\" data-id=\"f6530f6\" data-element_type=\"widget\" data-e-type=\"widget\" data-widget_type=\"heading.default\">\n\t\t\t\t\t<h2 class=\"elementor-heading-title elementor-size-default\">Il y a un ours pour <strong>chaque moment<\/strong><\/h2>\t\t\t\t<\/div>\n\t\t\t\t<div class=\"elementor-element elementor-element-112ca2c elementor-widget__width-initial elementor-widget elementor-widget-text-editor\" data-id=\"112ca2c\" data-element_type=\"widget\" data-e-type=\"widget\" data-widget_type=\"text-editor.default\">\n\t\t\t\t\t\t\t\t\t<p><strong>Rendez chaque infusion sp\u00e9ciale avec une touche ludique<\/strong>. Nos ours se dissolvent dans l\u2019eau chaude et d\u00e9gagent des infusions aromatiques et d\u00e9licates. Parfaits \u00e0 offrir, avec des ingr\u00e9dients s\u00e9lectionn\u00e9s et des saveurs surprenantes apportent une touche de po\u00e9sie \u00e0 votre moment de d\u00e9tente.  <\/p>\t\t\t\t\t\t\t\t<\/div>\n\t\t\t\t<div class=\"elementor-element elementor-element-49de235 elementor-tablet-align-justify elementor-widget-tablet__width-inherit elementor-widget-mobile__width-inherit elementor-widget elementor-widget-button\" data-id=\"49de235\" data-element_type=\"widget\" data-e-type=\"widget\" data-widget_type=\"button.default\">\n\t\t\t\t\t\t\t\t\t\t<a class=\"elementor-button elementor-button-link elementor-size-sm\" href=\"https:\/\/mele.gh.company\/fr\/categoria-prodotto\/orsettisana-fr\/\" title=\"Orsettisana\">\n\t\t\t\t\t\t<span class=\"elementor-button-content-wrapper\">\n\t\t\t\t\t\t\t\t\t<span class=\"elementor-button-text\">D\u00e9couvrez les orsettisana<\/span>\n\t\t\t\t\t<\/span>\n\t\t\t\t\t<\/a>\n\t\t\t\t\t\t\t\t<\/div>\n\t\t\t\t<\/div>\n\t\t\t\t\t<\/div>\n\t\t\t\t<\/div>\n\t\t\t\t\t<\/div>\n\t\t\t\t<\/div>\n\t\t<div class=\"elementor-element elementor-element-44882ba e-flex e-con-boxed e-con e-parent\" data-id=\"44882ba\" data-element_type=\"container\" data-e-type=\"container\" id=\"offerta\">\n\t\t\t\t\t<div class=\"e-con-inner\">\n\t\t<div class=\"elementor-element elementor-element-e3918f3 e-con-full e-flex e-con e-child\" data-id=\"e3918f3\" data-element_type=\"container\" data-e-type=\"container\">\n\t\t<div class=\"elementor-element elementor-element-b3a43af e-con-full e-flex e-con e-child\" data-id=\"b3a43af\" data-element_type=\"container\" data-e-type=\"container\">\n\t\t\t\t<div class=\"elementor-element elementor-element-f6d5283 elementor-widget elementor-widget-heading\" data-id=\"f6d5283\" data-element_type=\"widget\" data-e-type=\"widget\" data-widget_type=\"heading.default\">\n\t\t\t\t\t<h2 class=\"elementor-heading-title elementor-size-default\">best seller<\/h2>\t\t\t\t<\/div>\n\t\t\t\t<div class=\"elementor-element elementor-element-252b18c elementor-widget__width-initial has-img elementor-widget elementor-widget-heading\" data-id=\"252b18c\" data-element_type=\"widget\" data-e-type=\"widget\" data-widget_type=\"heading.default\">\n\t\t\t\t\t<h2 class=\"elementor-heading-title elementor-size-default\">Meilleures Ventes<\/h2>\t\t\t\t<\/div>\n\t\t\t\t<\/div>\n\t\t\t\t<div class=\"elementor-element elementor-element-0192376 elementor-widget__width-initial elementor-widget elementor-widget-text-editor\" data-id=\"0192376\" data-element_type=\"widget\" data-e-type=\"widget\" data-widget_type=\"text-editor.default\">\n\t\t\t\t\t\t\t\t\t<p>qualit\u00e9 et prix abordable, pour une dur\u00e9e limit\u00e9e<\/p>\t\t\t\t\t\t\t\t<\/div>\n\t\t\t\t<\/div>\n\t\t\t\t\t<\/div>\n\t\t\t\t<\/div>\n\t\t<div class=\"elementor-element elementor-element-0de7be1 e-flex e-con-boxed e-con e-parent\" data-id=\"0de7be1\" data-element_type=\"container\" data-e-type=\"container\">\n\t\t\t\t\t<div class=\"e-con-inner\">\n\t\t\t\t<div class=\"woocommerce elementor-element elementor-element-f09dd15 carousel-arrows-bottom elementor-arrows-position-inside elementor-widget elementor-widget-loop-carousel\" data-id=\"f09dd15\" data-element_type=\"widget\" data-e-type=\"widget\" data-settings=\"{&quot;_skin&quot;:&quot;product&quot;,&quot;template_id&quot;:3876,&quot;offset_sides&quot;:&quot;both&quot;,&quot;offset_width&quot;:{&quot;unit&quot;:&quot;px&quot;,&quot;size&quot;:0,&quot;sizes&quot;:[]},&quot;offset_width_mobile&quot;:{&quot;unit&quot;:&quot;px&quot;,&quot;size&quot;:0,&quot;sizes&quot;:[]},&quot;image_spacing_custom&quot;:{&quot;unit&quot;:&quot;px&quot;,&quot;size&quot;:35,&quot;sizes&quot;:[]},&quot;slides_to_show&quot;:&quot;3&quot;,&quot;slides_to_show_tablet&quot;:&quot;2&quot;,&quot;slides_to_show_mobile&quot;:&quot;1&quot;,&quot;slides_to_scroll&quot;:&quot;1&quot;,&quot;edit_handle_selector&quot;:&quot;.elementor-loop-container&quot;,&quot;infinite&quot;:&quot;yes&quot;,&quot;speed&quot;:500,&quot;offset_width_tablet&quot;:{&quot;unit&quot;:&quot;px&quot;,&quot;size&quot;:&quot;&quot;,&quot;sizes&quot;:[]},&quot;arrows&quot;:&quot;yes&quot;,&quot;image_spacing_custom_tablet&quot;:{&quot;unit&quot;:&quot;px&quot;,&quot;size&quot;:&quot;&quot;,&quot;sizes&quot;:[]},&quot;image_spacing_custom_mobile&quot;:{&quot;unit&quot;:&quot;px&quot;,&quot;size&quot;:&quot;&quot;,&quot;sizes&quot;:[]}}\" data-widget_type=\"loop-carousel.product\">\n\t\t\t\t\t\t\t<div class=\"e-loop-nothing-found-message\">\n\t\t<\/div>\n\t\t\t\t\t\t<\/div>\n\t\t\t\t<div class=\"elementor-element elementor-element-fa2c9ba elementor-tablet-align-justify elementor-widget-tablet__width-inherit elementor-widget-mobile__width-initial has-line elementor-widget elementor-widget-button\" data-id=\"fa2c9ba\" data-element_type=\"widget\" data-e-type=\"widget\" data-widget_type=\"button.default\">\n\t\t\t\t\t\t\t\t\t\t<a class=\"elementor-button elementor-button-link elementor-size-sm\" href=\"https:\/\/mele.gh.company\/negozio\/?yith_wcan=1&#038;onsale_filter=1\" title=\"Prodotti in offerta\">\n\t\t\t\t\t\t<span class=\"elementor-button-content-wrapper\">\n\t\t\t\t\t\t\t\t\t<span class=\"elementor-button-text\">Meilleures Ventes<\/span>\n\t\t\t\t\t<\/span>\n\t\t\t\t\t<\/a>\n\t\t\t\t\t\t\t\t<\/div>\n\t\t\t\t\t<\/div>\n\t\t\t\t<\/div>\n\t\t\t\t<\/div>\n\t\t","protected":false},"excerpt":{"rendered":"<p>Fruits secs eten-cas sains d\u00e9couvrez les produits Meilleures Ventes Tu cherches quelque chose ? Vous le trouverez ici Fruits secs et l\u00e9gumes Fruits s\u00e9ch\u00e9s, d\u00e9shydrat\u00e9s et lyophilis\u00e9s Fruits Confits et Goodies Th\u00e9, infusions de fruits&nbsp; Orsettisana&nbsp; nouveaux arrivants Derniers produits Explorez les derniers arrivages et laissez-vous inspirer par les tendances du moment. toutes les nouveaut\u00e9s [&hellip;]<\/p>\n","protected":false},"author":2,"featured_media":0,"parent":0,"menu_order":0,"comment_status":"closed","ping_status":"closed","template":"","meta":{"_acf_changed":false,"footnotes":""},"class_list":["post-5041","page","type-page","status-publish","hentry"],"acf":[],"_links":{"self":[{"href":"https:\/\/mele.gh.company\/fr\/wp-json\/wp\/v2\/pages\/5041","targetHints":{"allow":["GET"]}}],"collection":[{"href":"https:\/\/mele.gh.company\/fr\/wp-json\/wp\/v2\/pages"}],"about":[{"href":"https:\/\/mele.gh.company\/fr\/wp-json\/wp\/v2\/types\/page"}],"author":[{"embeddable":true,"href":"https:\/\/mele.gh.company\/fr\/wp-json\/wp\/v2\/users\/2"}],"replies":[{"embeddable":true,"href":"https:\/\/mele.gh.company\/fr\/wp-json\/wp\/v2\/comments?post=5041"}],"version-history":[{"count":0,"href":"https:\/\/mele.gh.company\/fr\/wp-json\/wp\/v2\/pages\/5041\/revisions"}],"wp:attachment":[{"href":"https:\/\/mele.gh.company\/fr\/wp-json\/wp\/v2\/media?parent=5041"}],"curies":[{"name":"wp","href":"https:\/\/api.w.org\/{rel}","templated":true}]}}